{"id":22225,"date":"2014-07-18T17:13:53","date_gmt":"2014-07-18T17:13:53","guid":{"rendered":"http:\/\/motorservice.es\/?page_id=22225"},"modified":"2020-09-05T12:11:43","modified_gmt":"2020-09-05T12:11:43","slug":"reparacion-de-motores","status":"publish","type":"page","link":"https:\/\/motorservice.es\/?page_id=22225","title":{"rendered":"Reparaci\u00f3n de motores"},"content":{"rendered":"[vc_row fullwidth=\u00bbtrue\u00bb css=\u00bb.vc_custom_1453417739098{background-image: url(http:\/\/motorservice.es\/wp-content\/uploads\/2014\/07\/cars_bmw_m3_races_engine_1366x768_54195.jpg?id=22220) !important;}\u00bb][vc_column width=\u00bb1\/12&#8243;][vc_column_text]\n[\/vc_column_text][\/vc_column][vc_column width=\u00bb6\/12&#8243;][vc_empty_space][vc_empty_space][mk_fancy_title color=\u00bb#393836&#8243; font_style=\u00bbinhert\u00bb margin_bottom=\u00bb18&#8243; font_family=\u00bbnone\u00bb]\n<h2 style=\"text-align: center;\"><span style=\"color: #ffffff;\">MOTORES RECONSTRUIDOS Y DE OCASI\u00d3N<\/span><\/h2>\n[\/mk_fancy_title][mk_image_slideshow images=\u00bb23231,23232,23233,23234,23235,23236,23237,23238,23239,23240,23241,23242,23243&#8243; image_width=\u00bb511&#8243; image_height=\u00bb344&#8243;][\/vc_column][vc_column width=\u00bb4\/12&#8243;][vc_empty_space][vc_empty_space][mk_fancy_title color=\u00bb#393836&#8243; font_style=\u00bbinhert\u00bb margin_bottom=\u00bb4&#8243; font_family=\u00bbnone\u00bb]\n<h2 style=\"text-align: center;\"><span style=\"color: #ffffff;\">\u00bfQu\u00e9 motor necesitas?<\/span><\/h2>\n[\/mk_fancy_title]<div role=\"form\" class=\"wpcf7\" id=\"wpcf7-f23052-o1\" lang=\"es-ES\" dir=\"ltr\">\n<div class=\"screen-reader-response\" role=\"alert\" aria-live=\"polite\"><\/div>\n<form action=\"\/index.php?rest_route=%2Fwp%2Fv2%2Fpages%2F22225#wpcf7-f23052-o1\" method=\"post\" class=\"wpcf7-form init\" novalidate=\"novalidate\">\n<div style=\"display: none;\">\n<input type=\"hidden\" name=\"_wpcf7\" value=\"23052\" \/>\n<input type=\"hidden\" name=\"_wpcf7_version\" value=\"5.2.2\" \/>\n<input type=\"hidden\" name=\"_wpcf7_locale\" value=\"es_ES\" \/>\n<input type=\"hidden\" name=\"_wpcf7_unit_tag\" value=\"wpcf7-f23052-o1\" \/>\n<input type=\"hidden\" name=\"_wpcf7_container_post\" value=\"0\" \/>\n<input type=\"hidden\" name=\"_wpcf7_posted_data_hash\" value=\"\" \/>\n<input type=\"hidden\" name=\"_wpcf7_recaptcha_response\" value=\"\" \/>\n<\/div>\n<p><span class=\"wpcf7-form-control-wrap Tu-nombre\"><input type=\"text\" name=\"Tu-nombre\" value=\"\" size=\"40\" class=\"wpcf7-form-control wpcf7-text wpcf7-validates-as-required\" aria-required=\"true\" aria-invalid=\"false\" placeholder=\"Tu nombre\" \/><\/span><\/p>\n<p><span class=\"wpcf7-form-control-wrap email-703\"><input type=\"email\" name=\"email-703\" value=\"\" size=\"40\" class=\"wpcf7-form-control wpcf7-text wpcf7-email wpcf7-validates-as-email\" aria-invalid=\"false\" placeholder=\"Email (Se le contestar\u00e1 a dicho correo)\" \/><\/span><\/p>\n<p><span class=\"wpcf7-form-control-wrap tel-665\"><input type=\"tel\" name=\"tel-665\" value=\"\" size=\"40\" class=\"wpcf7-form-control wpcf7-text wpcf7-tel wpcf7-validates-as-tel\" aria-invalid=\"false\" placeholder=\"N\u00famero de tel\u00e9fono\" \/><\/span><\/p>\n<p>\u00bfQuiere que le llamemos? <span class=\"wpcf7-form-control-wrap Quierequelellamemos\"><span class=\"wpcf7-form-control wpcf7-checkbox\"><span class=\"wpcf7-list-item first\"><input type=\"checkbox\" name=\"Quierequelellamemos[]\" value=\"SI\" \/><span class=\"wpcf7-list-item-label\">SI<\/span><\/span><span class=\"wpcf7-list-item last\"><input type=\"checkbox\" name=\"Quierequelellamemos[]\" value=\"NO\" \/><span class=\"wpcf7-list-item-label\">NO<\/span><\/span><\/span><\/span><\/p>\n<p><select id=\"menu-564\" name=\"menu-564\" ><br \/>\n    <option value=\"default\" style=\"color: white;\">Tipo de Motor<\/option><br \/>\n    <option value=\"motor-reconstruido\" style=\"color: black;\">Motor reconstruido<\/option><br \/>\n    <option value=\"motor-ocasion\" style=\"color: black;\">Motor de ocasi\u00f3n, revisado y con garant\u00eda de funcionamiento<\/option><br \/>\n    <option value=\"reparar-motor\" style=\"color: black;\">Quiero reparar mi motor<\/option><br \/>\n<\/select><\/p>\n<p><span class=\"wpcf7-form-control-wrap codigo-motor\"><input type=\"text\" name=\"codigo-motor\" value=\"\" size=\"40\" class=\"wpcf7-form-control wpcf7-text\" aria-invalid=\"false\" placeholder=\"C\u00f3digo de motor\" \/><\/span><\/p>\n<p><span class=\"wpcf7-form-control-wrap codigo-vehiculo\"><input type=\"text\" name=\"codigo-vehiculo\" value=\"\" size=\"40\" class=\"wpcf7-form-control wpcf7-text\" aria-invalid=\"false\" placeholder=\"Modelo de veh\u00edculo\" \/><\/span><\/p>\n<p><input type=\"submit\" value=\"Enviar\" class=\"wpcf7-form-control wpcf7-submit\" \/><\/p>\n<div class=\"wpcf7-response-output\" role=\"alert\" aria-hidden=\"true\"><\/div><\/form><\/div>[vc_empty_space][\/vc_column][vc_column width=\u00bb1\/12&#8243;][vc_column_text]\n[\/vc_column_text][\/vc_column][\/vc_row][vc_row][vc_column][vc_column_text title=\u00bbTOP AVERIAS MAS COMUNES\u00bb]\n<h3 style=\"text-align: center;\">LISTA \u00abTOP 10\u00bb DE AVER\u00cdAS&nbsp;MAS FRECUENTES EN MOTORES ACTUALES :<\/h3>\n<p>1-Aver\u00eda en motor de BMW con referencia <strong>N47D20A<\/strong> y <strong>N47D20C<\/strong> por rotura de cadena de distribuci\u00f3n produciendo da\u00f1os en culata, arboles de levas, v\u00e1lvulas, balancines, taques, pistones. etc<\/p>\n<p>2-Averia en motor de Land Rover V6 Y Jaguar con referencia <strong>276DT<\/strong> por fallo de dise\u00f1o del cigue\u00f1al asi este partiendose acaba doblando la bancada del motor que en algunos casos no es reparable.<\/p>\n<p>3-Averia en motores de BMW&nbsp; 335d e90, x3 x5 y x6 con motores <strong>306D5<\/strong>&nbsp; (<strong>BMW M57<\/strong>) rotura de cadena ocasionando asi da\u00f1os en la culata, valvulas, arboles de levas doblados, tornillos de puentes de arboles de levas partidos, carcasa de distribucion en la mayoria de casos da\u00f1ada&nbsp; etc.<\/p>\n<p>4-Averia en motores Mercedes <strong>646<\/strong> toda la gama principalmente la referencia:&nbsp;<strong>646.986<\/strong> de las furgonetas Sprinter, veh\u00edculos con un motor twin turbo bastante apretados de potencia que en veh\u00edculos tipo turismo como podr\u00eda ser un C220 son eternos, pero en las furgonetas cargadas de paqueteria de empresas de transporte son propensos a romper por el par que tienen que soportar, el fallo del dise\u00f1o de la bancada de cigue\u00f1al no esta previsto para esas cargas por mucho tiempo, por lo general el 90% de motores que rompen suele ser por el cigue\u00f1al y muchos de ellos acaban sacando una biela por el costado.<\/p>\n<p>5-Averia en motores 2.0tdi&nbsp; <strong>BKP, BLB, BRE, BRD, BMM<\/strong> por rotura de bomba de aceite por un fallo de dise\u00f1o producido por un eje exagonal que hace que se transmita el movimiento del cigue\u00f1al a la bomba de aceite, cuando este se desgasta la bomba deja de girar y acaba gripando el motor si no se detecta la averia a tiempo. Ademas estos motores tambien pecan de culata que con el tiempo se acaba rajando.<\/p>\n<p>6-Averia en motores 1.9tdi<strong> ARL , BLS, BXE , BKC,<\/strong> entre muchos otros, estos motores tienen un defecto de dise\u00f1o en el que el arbol de levas acciona directamente el taque en vez de tener un sistema de balancines lo que hace que sufra mucho mas las levas del arbol, ademas el recubrimiento de estos arboles es bastante fino lo que se acaba desgastando muy prematuramente.<\/p>\n<p>7-Averia en motores 2.5tdi BAC, AXD, AXE estos motores son muy propensos a romperse por desgaste en las camisas ya que son recubiertas de una capa muy fina llamada NIKASIL que es extremadamente resistente pero a su vez fragil, cuando esta capa se desprende acaba trabajando el piston con el propio aluminio asi comiendose el bloque, estos motores tambien pecan del arbol de levas como en los 1.9TDI&nbsp; ademas de rajarse culatas en numerosas ocasiones.<\/p>\n<p>8-Averia en motores 3.0TDI de Audi y Vw referencias BKS, BUG, CAS&nbsp; entre otras el fallo mas comun es por la rotura de un tensor hidraulico que lleva en una de las culatas&nbsp; que acaba rompiendo cadena y repercutiendo en la culata, arboles de levas, taques, valvulas etc..<\/p>\n<p>9-Averia en motores <strong>M96,01 M96.02 m96.03 m96.05, m9701<\/strong> de <strong>PORSCHE 911<\/strong> de carrocerias 996 y 997 afectados por un rodamiento llamado IMS&nbsp; que transmite el movimiento del cigue\u00f1al a las culatas y a su vez a la bomba de aceite, este se acaba romiendo ocasionando graves averias, ademas de tener un defecto de deformacion de bloque en los cilindros llegando a tener ovalaciones de 0,10mm de este modo teniendo grandes consumos de aceite en <strong>CH Motorservice Engineering<\/strong> somos <strong>especialistas<\/strong>&nbsp;en estos <strong>motores de Porsche<\/strong> llegando ofrecer soluciones para solventar estos defectos de fabrica.<\/p>\n<p>10-Averia en motores 2.0tfsi de audi y vw en motores <strong>CCZ, CDN, CAW, CAE<\/strong> entre otros, estos motores tienen un fallo de dise\u00f1o en los pistones que&nbsp; con el tiempo acaban pegandose los segmentos ocasionando consumos de aceite bestiales lo que en un descuido nos puede dejar sin aceite y asi gripar el motor, estas unidades tambien tienen un fallo de dise\u00f1o en el tensor de distribucion que con el tiempo puede llegar a fallar y asi saltarse la cadena ocasionando averia en valvulas taques arboles de levas etc.[\/vc_column_text][vc_empty_space][vc_empty_space][vc_column_text]\n<p style=\"text-align: left;\">Una de las mayores preocupaciones a las cuales nos vemos enfrentados cuando tenemos un coche es precisamente a la p\u00e9rdida o desgaste del motor. A muchos de nosotros nos ha pasado y a veces podemos pensar que es todo cuanto podemos hacer.<\/p>\n<p style=\"text-align: left;\"><a href=\"http:\/\/motorservice.es\/wp-content\/uploads\/2014\/07\/DSC00380.jpg\" rel=\"attachment wp-att-23071\"><img loading=\"lazy\" class=\"alignright wp-image-23071 size-medium\" src=\"http:\/\/motorservice.es\/wp-content\/uploads\/2014\/07\/DSC00380-300x225.jpg\" alt=\"reparacion de motores porsche\" width=\"300\" height=\"225\"><\/a><\/p>\n<p style=\"text-align: left;\">Sin embargo nuestro equipo de profesionales altamente calificados, pueden ofrecerte un perfecto servicio de calidad de reparaci\u00f3n de motores.<\/p>\n<p style=\"text-align: left;\">Si has comenzado a notar que tu coche est\u00e1 presentado un sobrecalentamiento que consideras es excesivo, o sientes que se atasca m\u00e1s de lo normal, entonces quiz\u00e1s sean unas se\u00f1ales claras de que tu coche requiere con urgencia de una valoraci\u00f3n, esto significar\u00eda que quiz\u00e1s requieras de una reparaci\u00f3n de motor, que pudo haberse averiado por diversas causas.<\/p>\n<p style=\"text-align: justify;\"><strong><a href=\"http:\/\/motorservice.es\/wp-content\/uploads\/2014\/07\/DSC00347.jpg\" rel=\"attachment wp-att-23067\"><img loading=\"lazy\" class=\"alignleft wp-image-23067 size-medium\" src=\"http:\/\/motorservice.es\/wp-content\/uploads\/2014\/07\/DSC00347-300x225.jpg\" alt=\"reparar motor porsche\" width=\"300\" height=\"225\"><\/a>Motorservice<\/strong> esta especializado en<strong>&nbsp;reparaci\u00f3n de motores, motores reconstruidos<\/strong> y de ocasi\u00f3n por lo que nos es grato ofrecerle uno de los mejores <a href=\"http:\/\/motorservice.es\/servicios\">servicios<\/a> en cuanto a calidad y precio pudiendo ofrecer motores totalmente <a href=\"http:\/\/es.wikipedia.org\/wiki\/Reacondicionamiento_%28electr%C3%B3nica%29\">reacondicionados<\/a> (motores rectificados km 0 de garant\u00eda minima de 6 a 12 meses sin limite de kms) o en su defecto motores de ocasi\u00f3n revisados con kilometraje garantizado.<\/p>\n<p>1- <strong>Transporte:<\/strong> Recogemos su motor viejo en un transcurso de 24\/48H a nivel nacional sin importancia de su ubicaci\u00f3n.<\/p>\n<p>2- <strong>Desmontaje<\/strong> de componentes y verificaci\u00f3n de da\u00f1os.<\/p>\n<p>3-<b>Descontaminaci\u00f3n<\/b>&nbsp;de componentes, limpieza y restauraci\u00f3n.<\/p>\n<p style=\"text-align: justify;\">4-<strong>Rectificado<\/strong> de componentes desgastados; como podr\u00eda ser el cigue\u00f1al expuesto a grandes fuerzas de torsion.<\/p>\n<p style=\"text-align: justify;\">5-<strong>Montaje y&nbsp;<\/strong><b>sustituci\u00f3n<\/b>&nbsp;de juntas, retenes , casquillos &nbsp;y &nbsp;todo tipo de elementos expuestos al desgaste , corrosi\u00f3n y factores que influyan al correcto funcionamiento del motor.<\/p>\n<p style=\"text-align: justify;\">6-<strong> Pruebas&nbsp;mec\u00e1nicas&nbsp;de funcionamiento<\/strong>&nbsp;y embalaje para garantizar una entrega sin da\u00f1os en el motor.<\/p>\n<p>7- Se realizan <strong>entregas<\/strong> a nivel nacional e internacional.<\/p>\n<h2>Reparaci\u00f3n de motores de alta gama: \u00bfPor qu\u00e9 elegirnos?<\/h2>\n<p style=\"text-align: justify;\">Muchas son las razones por las cuales un motor deja de funcionar, muchas se deben a abusos en el uso del coche, tambi\u00e9n se debe a servicios ineficientes que pudieron contratarse en el pasado.<br \/>\nSabemos lo importante que es el coche para todos nuestros clientes, por esta raz\u00f3n ofrecemos un servicio de calidad, sin embargo si te preguntas por qu\u00e9 deber\u00edas elegirnos para reconstruir motor, aqu\u00ed van algunas buenas razones:<\/p>\n<ol>\n<li style=\"text-align: justify;\">Somos profesionales con <strong>alta experiencia<\/strong> en todo lo relacionado con <strong><a href=\"http:\/\/motorservice.es\">reparar motor<\/a><\/strong>, llevamos a\u00f1os dedic\u00e1ndonos a este servicio, por lo que sabemos exactamente qu\u00e9 debemos hacer.<a href=\"http:\/\/motorservice.es\/wp-content\/uploads\/2014\/07\/bloquemotor.png\"><img loading=\"lazy\" class=\"aligncenter wp-image-22627 size-full\" src=\"http:\/\/motorservice.es\/wp-content\/uploads\/2014\/07\/bloquemotor.png\" alt=\"Bloque motor motorservice reparaci\u00f3n de motores\" width=\"305\" height=\"240\"><\/a><\/li>\n<li style=\"text-align: justify;\">Tenemos <strong>amplios conocimientos<\/strong> en los diferentes tipos de motores, por lo que nos especializamos en coches de alta gama como <strong><a href=\"http:\/\/www.ferrari.com\/es_es\/\">Ferrari<\/a>, <a href=\"http:\/\/www.bmw.com\/index_en.html\">BMW<\/a>, <a href=\"http:\/\/www.audi.es\/es\/brand\/es.html\">Audi<\/a><\/strong> entre muchos otros, teniendo la t\u00e9cnica que se requiere para llevar a cabo un excelente trabajo.<a href=\"http:\/\/motorservice.es\/wp-content\/uploads\/2014\/07\/Ferrari-F12berlinetta-4.5-Litrelik-V12-Engine1.png\"><img loading=\"lazy\" class=\"aligncenter wp-image-22389 size-full\" src=\"http:\/\/motorservice.es\/wp-content\/uploads\/2014\/07\/Ferrari-F12berlinetta-4.5-Litrelik-V12-Engine1.png\" alt=\"motor de ferrari reparaci\u00f3n de motores\" width=\"300\" height=\"212\"><\/a><\/li>\n<li style=\"text-align: justify;\">Somos un equipo altamente profesional y responsable, nuestros a\u00f1os de trabajo avalan nuestro desempe\u00f1o. Siempre nos hemos caracterizado por las entregas a tiempo y especialmente por entregar siempre lo mejor del servicio.<a href=\"http:\/\/motorservice.es\/wp-content\/uploads\/2014\/07\/motorbmw.png\"><img loading=\"lazy\" class=\"aligncenter wp-image-22388 size-full\" src=\"http:\/\/motorservice.es\/wp-content\/uploads\/2014\/07\/motorbmw.png\" alt=\"motor bmw motorservice servicios rectificado reparaci\u00f3n de motores\" width=\"300\" height=\"236\"><\/a><\/li>\n<li style=\"text-align: justify;\">Somos sin\u00f3nimo de <strong>calidad y efectividad<\/strong>, todos nuestros clientes han quedado fuertemente satisfechos por nuestro trabajo, por lo que las opiniones que tenemos nos califican como los mejores.<\/li>\n<li style=\"text-align: justify;\">Somos <strong>confiables<\/strong>, nunca hemos dejado un solo trabajo sin terminar o llevado a mal t\u00e9rmino, cuidados de cada una de las partes necesarias y llevamos el control de todo lo necesario.<\/li>\n<li style=\"text-align: justify;\">Realizamos un excelente an\u00e1lisis en nuestro taller de motores, en donde identificamos el tipo de problem\u00e1ticas y el plan a seguir para rectificar motor.<\/li>\n<\/ol>\n<p style=\"text-align: justify;\">Estas son algunas buenas razones por las cuales debes elegir nuestro trabajo como <a href=\"http:\/\/motorservice.es\/\">expertos en reparaci\u00f3n de motores<\/a>. Conocemos y valoramos nuestro trabajo, por lo que siempre garantizamos calidad en todos los procesos que llevamos a cabo.<br \/>\nSi crees que puedes estar teniendo problemas con el motor, lo que mejor podemos ofrecerte es que te pongas en <a href=\"http:\/\/motorservice.es\/contactar\/\">contacto con nosotros<\/a>, estamos siempre dispuestos a ofrecerte no solo la informaci\u00f3n que necesitas, sino que podemos guiarte y ofrecerte un plan de acci\u00f3n que puede interesarte.<br \/>\nSabemos y conocemos tambi\u00e9n sobre las necesidades de nuestros clientes, por lo que ofrecemos relaci\u00f3n calidad \u2013 precio que no podr\u00e1s encontrar en otro lugar.<br \/>\nNo esperes m\u00e1s y&nbsp;<a href=\"http:\/\/motorservice.es\/contactar\/\">ponte en contacto con nosotros<\/a>.<\/p>\n[\/vc_column_text][\/vc_column][\/vc_row][vc_row][vc_column][vc_raw_html]\n<p>JTNDc2NyaXB0JTNFJTBBJTIwJTIwJTI4ZnVuY3Rpb24lMjhpJTJDcyUyQ28lMkNnJTJDciUyQ2ElMkNtJTI5JTdCaSU1QiUyN0dvb2dsZUFuYWx5dGljc09iamVjdCUyNyU1RCUzRHIlM0JpJTVCciU1RCUzRGklNUJyJTVEJTdDJTdDZnVuY3Rpb24lMjglMjklN0IlMEElMjAlMjAlMjhpJTVCciU1RC5xJTNEaSU1QnIlNUQucSU3QyU3QyU1QiU1RCUyOS5wdXNoJTI4YXJndW1lbnRzJTI5JTdEJTJDaSU1QnIlNUQubCUzRDElMkFuZXclMjBEYXRlJTI4JTI5JTNCYSUzRHMuY3JlYXRlRWxlbWVudCUyOG8lMjklMkMlMEElMjAlMjBtJTNEcy5nZXRFbGVtZW50c0J5VGFnTmFtZSUyOG8lMjklNUIwJTVEJTNCYS5hc3luYyUzRDElM0JhLnNyYyUzRGclM0JtLnBhcmVudE5vZGUuaW5zZXJ0QmVmb3JlJTI4YSUyQ20lMjklMEElMjAlMjAlN0QlMjklMjh3aW5kb3clMkNkb2N1bWVudCUyQyUyN3NjcmlwdCUyNyUyQyUyN2h0dHBzJTNBJTJGJTJGd3d3Lmdvb2dsZS1hbmFseXRpY3MuY29tJTJGYW5hbHl0aWNzLmpzJTI3JTJDJTI3Z2ElMjclMjklM0IlMEElMEElMjAlMjBnYSUyOCUyN2NyZWF0ZSUyNyUyQyUyMCUyN1VBLTU1MjY5MDQyLTElMjclMkMlMjAlMjdhdXRvJTI3JTI5JTNCJTBBJTIwJTIwZ2ElMjglMjdzZW5kJTI3JTJDJTIwJTI3cGFnZXZpZXclMjclMjklM0IlMEElMEElM0MlMkZzY3JpcHQlM0U=<\/p>\n[\/vc_raw_html][\/vc_column][\/vc_row]\n","protected":false},"excerpt":{"rendered":"<p>[vc_row fullwidth=\u00bbtrue\u00bb css=\u00bb.vc_custom_1453417739098{background-image: url(http:\/\/motorservice.es\/wp-content\/uploads\/2014\/07\/cars_bmw_m3_races_engine_1366x768_54195.jpg?id=22220) !important;}\u00bb][vc_column width=\u00bb1\/12&#8243;][vc_column_text] [\/vc_column_text][\/vc_column][vc_column width=\u00bb6\/12&#8243;][vc_empty_space][vc_empty_space][mk_fancy_title color=\u00bb#393836&#8243; font_style=\u00bbinhert\u00bb margin_bottom=\u00bb18&#8243; font_family=\u00bbnone\u00bb] MOTORES RECONSTRUIDOS Y DE OCASI\u00d3N [\/mk_fancy_title][mk_image_slideshow images=\u00bb23231,23232,23233,23234,23235,23236,23237,23238,23239,23240,23241,23242,23243&#8243; image_width=\u00bb511&#8243; image_height=\u00bb344&#8243;][\/vc_column][vc_column width=\u00bb4\/12&#8243;][vc_empty_space][vc_empty_space][mk_fancy_title color=\u00bb#393836&#8243; font_style=\u00bbinhert\u00bb margin_bottom=\u00bb4&#8243; font_family=\u00bbnone\u00bb] \u00bfQu\u00e9 motor necesitas? [\/mk_fancy_title][vc_empty_space][\/vc_column][vc_column width=\u00bb1\/12&#8243;][vc_column_text] [\/vc_column_text][\/vc_column][\/vc_row][vc_row][vc_column][vc_column_text title=\u00bbTOP AVERIAS MAS COMUNES\u00bb] LISTA \u00abTOP 10\u00bb DE AVER\u00cdAS&nbsp;MAS FRECUENTES EN MOTORES ACTUALES : 1-Aver\u00eda en motor de BMW con referencia N47D20A y [&hellip;]<\/p>\n","protected":false},"author":1,"featured_media":0,"parent":0,"menu_order":0,"comment_status":"closed","ping_status":"closed","template":"","meta":[],"yoast_head":"<!-- This site is optimized with the Yoast SEO plugin v14.9 - https:\/\/yoast.com\/wordpress\/plugins\/seo\/ -->\n<title>Reparaci\u00f3n de motores - Motorservice rectificado<\/title>\n<meta name=\"description\" content=\"Reparaci\u00f3n de motores de alta gama, rectificado y reconstrucci\u00f3n, con garant\u00eda y adem\u00e1s con la mejor calidad-precio del mercado.\" \/>\n<meta name=\"robots\" content=\"index, follow, max-snippet:-1, max-image-preview:large, max-video-preview:-1\" \/>\n<link rel=\"canonical\" href=\"https:\/\/motorservice.es\/?page_id=22225\" \/>\n<meta property=\"og:locale\" content=\"es_ES\" \/>\n<meta property=\"og:type\" content=\"article\" \/>\n<meta property=\"og:title\" content=\"Reparaci\u00f3n de motores - Motorservice rectificado\" \/>\n<meta property=\"og:description\" content=\"Reparaci\u00f3n de motores de alta gama, rectificado y reconstrucci\u00f3n, con garant\u00eda y adem\u00e1s con la mejor calidad-precio del mercado.\" \/>\n<meta property=\"og:url\" content=\"https:\/\/motorservice.es\/?page_id=22225\" \/>\n<meta property=\"og:site_name\" content=\"CH Motorservice Engineering S.L.\" \/>\n<meta property=\"article:modified_time\" content=\"2020-09-05T12:11:43+00:00\" \/>\n<meta property=\"og:image\" content=\"http:\/\/motorservice.es\/wp-content\/uploads\/2014\/07\/DSC00380-300x225.jpg\" \/>\n<meta name=\"twitter:card\" content=\"summary_large_image\" \/>\n<script type=\"application\/ld+json\" class=\"yoast-schema-graph\">{\"@context\":\"https:\/\/schema.org\",\"@graph\":[{\"@type\":\"WebSite\",\"@id\":\"https:\/\/motorservice.es\/#website\",\"url\":\"https:\/\/motorservice.es\/\",\"name\":\"CH Motorservice Engineering S.L.\",\"description\":\"Centro de rectificado de motores, turbos y cajas de cambio\",\"potentialAction\":[{\"@type\":\"SearchAction\",\"target\":\"https:\/\/motorservice.es\/?s={search_term_string}\",\"query-input\":\"required name=search_term_string\"}],\"inLanguage\":\"es\"},{\"@type\":\"ImageObject\",\"@id\":\"https:\/\/motorservice.es\/?page_id=22225#primaryimage\",\"inLanguage\":\"es\",\"url\":\"http:\/\/motorservice.es\/wp-content\/uploads\/2014\/07\/DSC00380-300x225.jpg\"},{\"@type\":\"WebPage\",\"@id\":\"https:\/\/motorservice.es\/?page_id=22225#webpage\",\"url\":\"https:\/\/motorservice.es\/?page_id=22225\",\"name\":\"Reparaci\\u00f3n de motores - Motorservice rectificado\",\"isPartOf\":{\"@id\":\"https:\/\/motorservice.es\/#website\"},\"primaryImageOfPage\":{\"@id\":\"https:\/\/motorservice.es\/?page_id=22225#primaryimage\"},\"datePublished\":\"2014-07-18T17:13:53+00:00\",\"dateModified\":\"2020-09-05T12:11:43+00:00\",\"description\":\"Reparaci\\u00f3n de motores de alta gama, rectificado y reconstrucci\\u00f3n, con garant\\u00eda y adem\\u00e1s con la mejor calidad-precio del mercado.\",\"breadcrumb\":{\"@id\":\"https:\/\/motorservice.es\/?page_id=22225#breadcrumb\"},\"inLanguage\":\"es\",\"potentialAction\":[{\"@type\":\"ReadAction\",\"target\":[\"https:\/\/motorservice.es\/?page_id=22225\"]}]},{\"@type\":\"BreadcrumbList\",\"@id\":\"https:\/\/motorservice.es\/?page_id=22225#breadcrumb\",\"itemListElement\":[{\"@type\":\"ListItem\",\"position\":1,\"item\":{\"@type\":\"WebPage\",\"@id\":\"https:\/\/motorservice.es\/\",\"url\":\"https:\/\/motorservice.es\/\",\"name\":\"Portada\"}},{\"@type\":\"ListItem\",\"position\":2,\"item\":{\"@type\":\"WebPage\",\"@id\":\"https:\/\/motorservice.es\/?page_id=22225\",\"url\":\"https:\/\/motorservice.es\/?page_id=22225\",\"name\":\"Reparaci\\u00f3n de motores\"}}]}]}<\/script>\n<!-- \/ Yoast SEO plugin. -->","_links":{"self":[{"href":"https:\/\/motorservice.es\/index.php?rest_route=\/wp\/v2\/pages\/22225"}],"collection":[{"href":"https:\/\/motorservice.es\/index.php?rest_route=\/wp\/v2\/pages"}],"about":[{"href":"https:\/\/motorservice.es\/index.php?rest_route=\/wp\/v2\/types\/page"}],"author":[{"embeddable":true,"href":"https:\/\/motorservice.es\/index.php?rest_route=\/wp\/v2\/users\/1"}],"replies":[{"embeddable":true,"href":"https:\/\/motorservice.es\/index.php?rest_route=%2Fwp%2Fv2%2Fcomments&post=22225"}],"version-history":[{"count":7,"href":"https:\/\/motorservice.es\/index.php?rest_route=\/wp\/v2\/pages\/22225\/revisions"}],"predecessor-version":[{"id":23380,"href":"https:\/\/motorservice.es\/index.php?rest_route=\/wp\/v2\/pages\/22225\/revisions\/23380"}],"wp:attachment":[{"href":"https:\/\/motorservice.es\/index.php?rest_route=%2Fwp%2Fv2%2Fmedia&parent=22225"}],"curies":[{"name":"wp","href":"https:\/\/api.w.org\/{rel}","templated":true}]}}