{"id":22227,"date":"2014-07-18T17:15:16","date_gmt":"2014-07-18T17:15:16","guid":{"rendered":"http:\/\/motorservice.es\/?page_id=22227"},"modified":"2017-06-22T22:02:32","modified_gmt":"2017-06-22T22:02:32","slug":"reparacion-cajas-de-cambio","status":"publish","type":"page","link":"https:\/\/motorservice.es\/?page_id=22227","title":{"rendered":"Reparaci\u00f3n cajas de cambio"},"content":{"rendered":"[vc_row fullwidth=\u00bbtrue\u00bb css=\u00bb.vc_custom_1453522025901{background-image: url(http:\/\/motorservice.es\/wp-content\/uploads\/2014\/07\/cajas-de-ambio-fondo-2.jpg?id=23098) !important;}\u00bb][vc_column width=\u00bb1\/12&#8243;][vc_column_text]\n[\/vc_column_text][\/vc_column][vc_column width=\u00bb6\/12&#8243;][vc_empty_space][vc_empty_space][mk_fancy_title color=\u00bb#393836&#8243; font_style=\u00bbinhert\u00bb margin_bottom=\u00bb2&#8243; font_family=\u00bbnone\u00bb align=\u00bbcenter\u00bb]\n<h2><span style=\"color: #ffffff;\">CAJAS DE CAMBIO RECONSTRUIDAS Y DE OCASI\u00d3N<\/span><\/h2>\n[\/mk_fancy_title][mk_image_slideshow images=\u00bb23247,23248,23251,23252,23249,23250&#8243; image_width=\u00bb517&#8243; image_height=\u00bb342&#8243; slideshow_speed=\u00bb3556&#8243;][\/vc_column][vc_column width=\u00bb4\/12&#8243;][vc_empty_space][vc_empty_space][mk_fancy_title color=\u00bb#393836&#8243; font_style=\u00bbinhert\u00bb margin_bottom=\u00bb4&#8243; font_family=\u00bbnone\u00bb]\n<h2 style=\"text-align: center;\"><span style=\"color: #ffffff;\">\u00bfQu\u00e9 CAJA\u00a0necesitas?<\/span><\/h2>\n[\/mk_fancy_title]<div role=\"form\" class=\"wpcf7\" id=\"wpcf7-f23102-o1\" lang=\"es-ES\" dir=\"ltr\">\n<div class=\"screen-reader-response\" role=\"alert\" aria-live=\"polite\"><\/div>\n<form action=\"\/index.php?rest_route=%2Fwp%2Fv2%2Fpages%2F22227#wpcf7-f23102-o1\" method=\"post\" class=\"wpcf7-form init\" novalidate=\"novalidate\">\n<div style=\"display: none;\">\n<input type=\"hidden\" name=\"_wpcf7\" value=\"23102\" \/>\n<input type=\"hidden\" name=\"_wpcf7_version\" value=\"5.2.2\" \/>\n<input type=\"hidden\" name=\"_wpcf7_locale\" value=\"es_ES\" \/>\n<input type=\"hidden\" name=\"_wpcf7_unit_tag\" value=\"wpcf7-f23102-o1\" \/>\n<input type=\"hidden\" name=\"_wpcf7_container_post\" value=\"0\" \/>\n<input type=\"hidden\" name=\"_wpcf7_posted_data_hash\" value=\"\" \/>\n<input type=\"hidden\" name=\"_wpcf7_recaptcha_response\" value=\"\" \/>\n<\/div>\n<p><span class=\"wpcf7-form-control-wrap Tu-nombre\"><input type=\"text\" name=\"Tu-nombre\" value=\"\" size=\"40\" class=\"wpcf7-form-control wpcf7-text wpcf7-validates-as-required\" aria-required=\"true\" aria-invalid=\"false\" placeholder=\"Tu nombre\" \/><\/span><\/p>\n<p><span class=\"wpcf7-form-control-wrap email-703\"><input type=\"email\" name=\"email-703\" value=\"\" size=\"40\" class=\"wpcf7-form-control wpcf7-text wpcf7-email wpcf7-validates-as-email\" aria-invalid=\"false\" placeholder=\"Email (Se le contestar\u00e1 a dicho correo)\" \/><\/span><\/p>\n<p><span class=\"wpcf7-form-control-wrap tel-665\"><input type=\"tel\" name=\"tel-665\" value=\"\" size=\"40\" class=\"wpcf7-form-control wpcf7-text wpcf7-tel wpcf7-validates-as-tel\" aria-invalid=\"false\" placeholder=\"N\u00famero de tel\u00e9fono\" \/><\/span><\/p>\n<p>\u00bfQuiere que le llamemos? <span class=\"wpcf7-form-control-wrap Quierequelellamemos\"><span class=\"wpcf7-form-control wpcf7-checkbox\"><span class=\"wpcf7-list-item first\"><input type=\"checkbox\" name=\"Quierequelellamemos[]\" value=\"SI\" \/><span class=\"wpcf7-list-item-label\">SI<\/span><\/span><span class=\"wpcf7-list-item last\"><input type=\"checkbox\" name=\"Quierequelellamemos[]\" value=\"NO\" \/><span class=\"wpcf7-list-item-label\">NO<\/span><\/span><\/span><\/span><\/p>\n<p><select id=\"menu-564\" name=\"menu-564\"><br \/>\n    <option value=\"default\" style=\"color: white;\">Tipo de Caja<\/option><br \/>\n    <option value=\"caja-reconstruida\" style=\"color: black;\">Caja reconstruida<\/option><br \/>\n    <option value=\"caja-ocasion\" style=\"color: black;\">Caja de ocasi\u00f3n, revisada y con garant\u00eda de funcionamiento<\/option><br \/>\n    <option value=\"reparar-caja\" style=\"color: black;\">Quiero reparar mi caja de cambios<\/option><br \/>\n<\/select><\/p>\n<p><span class=\"wpcf7-form-control-wrap codigo-caja\"><input type=\"text\" name=\"codigo-caja\" value=\"\" size=\"40\" class=\"wpcf7-form-control wpcf7-text\" aria-invalid=\"false\" placeholder=\"Referencia de la caja de cambios\" \/><\/span><\/p>\n<p><span class=\"wpcf7-form-control-wrap codigo-vehiculo\"><input type=\"text\" name=\"codigo-vehiculo\" value=\"\" size=\"40\" class=\"wpcf7-form-control wpcf7-text\" aria-invalid=\"false\" placeholder=\"Modelo de veh\u00edculo\" \/><\/span><\/p>\n<p><input type=\"submit\" value=\"Enviar\" class=\"wpcf7-form-control wpcf7-submit\" \/><\/p>\n<div class=\"wpcf7-response-output\" role=\"alert\" aria-hidden=\"true\"><\/div><\/form><\/div>[vc_empty_space][\/vc_column][vc_column width=\u00bb1\/12&#8243;][vc_column_text]\n[\/vc_column_text][\/vc_column][\/vc_row][vc_row][vc_column][vc_column_text]<strong>Motorservice<\/strong>\u00a0 es un centro especializado en reparaci\u00f3n \u00a0<strong>cajas de cambio, tanto manuales <\/strong>como<strong> autom\u00e1ticas<\/strong> situado en la localidad de Gri\u00f1\u00f3n en Madrid\u00a0. Nos agrada poder ofrecer a nuestros clientes cajas de cambios reconstruidas (De intercambio) \u00a0por nuestro equipo. Gracias a nuestra experiencia, <strong>dise\u00f1amos y fabricamos elementos mec\u00e1nicos a medida<\/strong> para poder evitar futuras roturas\u00a0de cajas que de fabrica salen con defecto de fabricaci\u00f3n, como podr\u00edan ser las cajas manuales del grupo VAG de 6 velocidades que habitualmente rompen por holguras producidas en el eje primario debido al desgaste de las carcasas. Realizamos mejoras y damos <strong>12 meses de garant\u00eda<\/strong> para todas las<strong> reparaciones en cajas de cambios<\/strong>.<\/p>\n<p><img loading=\"lazy\" class=\"aligncenter wp-image-22518\" src=\"http:\/\/motorservice.es\/wp-content\/uploads\/2014\/08\/IMECANICA3-1024x842.jpg\" alt=\"reparacion cajas de cambio motorservice\" width=\"376\" height=\"309\" \/><\/p>\n<h2 style=\"text-align: center;\"><\/h2>\n<h2 style=\"text-align: center;\">EXPERTOS EN REPARACION CAJAS DE CAMBIO<\/h2>\n<p>&nbsp;<\/p>\n<p><strong>Cajas de cambios reconstruidas y tambi\u00e9n de ocasi\u00f3n.<\/strong><\/p>\n<p>-GRUPO VAG AUTOMATICAS : Cambios tiptronic, multitronic y DSG.<br \/>\n-GRUPO VAG MANUALES: ERF,FMH,GRF,GNE,HDU,HDV,JLT,JLU,KNS,KDN,JNA,KDS,KNX&#8230; Entre muchas otras.<br \/>\n-MASERATI \/ FERRARI \/ LAMBORGHINI : Actuadores F1 Electro hidraulicos de Magneti Marelli.<br \/>\n-BMW: Cambios SMG 2, SMG 3, tambi\u00e9n manuales GETRAG Y ZF autom\u00e1ticos.<br \/>\n-PORSCHE: Cajas tiptronic, PDK , y manuales.<\/p>\n<p><strong>\u00bfEn que consisten las reparaciones?<\/strong><\/p>\n<p>Revisamos rigurosamente todos los componentes de friccion como podr\u00edan ser casquillos y rodamientos , retenes o juntas y los sustituimos. Comprobamos todas las tolerancias de ejes y revisamos sincronizados para asegurarnos de un cambio de marchas perfecto. Realizamos una limpieza de todos los componentes mediante diferentes tipos de tecnolog\u00eda entre otras la de ultrasonidos de esta manera asegur\u00e1ndonos de que devolvemos su caja de cambios al aspecto original como sali\u00f3 de fabrica.[\/vc_column_text][\/vc_column][\/vc_row][vc_row][vc_column][vc_raw_html]\n<p>JTNDc2NyaXB0JTNFJTBBJTIwJTIwJTI4ZnVuY3Rpb24lMjhpJTJDcyUyQ28lMkNnJTJDciUyQ2ElMkNtJTI5JTdCaSU1QiUyN0dvb2dsZUFuYWx5dGljc09iamVjdCUyNyU1RCUzRHIlM0JpJTVCciU1RCUzRGklNUJyJTVEJTdDJTdDZnVuY3Rpb24lMjglMjklN0IlMEElMjAlMjAlMjhpJTVCciU1RC5xJTNEaSU1QnIlNUQucSU3QyU3QyU1QiU1RCUyOS5wdXNoJTI4YXJndW1lbnRzJTI5JTdEJTJDaSU1QnIlNUQubCUzRDElMkFuZXclMjBEYXRlJTI4JTI5JTNCYSUzRHMuY3JlYXRlRWxlbWVudCUyOG8lMjklMkMlMEElMjAlMjBtJTNEcy5nZXRFbGVtZW50c0J5VGFnTmFtZSUyOG8lMjklNUIwJTVEJTNCYS5hc3luYyUzRDElM0JhLnNyYyUzRGclM0JtLnBhcmVudE5vZGUuaW5zZXJ0QmVmb3JlJTI4YSUyQ20lMjklMEElMjAlMjAlN0QlMjklMjh3aW5kb3clMkNkb2N1bWVudCUyQyUyN3NjcmlwdCUyNyUyQyUyN2h0dHBzJTNBJTJGJTJGd3d3Lmdvb2dsZS1hbmFseXRpY3MuY29tJTJGYW5hbHl0aWNzLmpzJTI3JTJDJTI3Z2ElMjclMjklM0IlMEElMEElMjAlMjBnYSUyOCUyN2NyZWF0ZSUyNyUyQyUyMCUyN1VBLTU1MjY5MDQyLTElMjclMkMlMjAlMjdhdXRvJTI3JTI5JTNCJTBBJTIwJTIwZ2ElMjglMjdzZW5kJTI3JTJDJTIwJTI3cGFnZXZpZXclMjclMjklM0IlMEElMEElM0MlMkZzY3JpcHQlM0U=<\/p>\n[\/vc_raw_html][\/vc_column][\/vc_row]\n","protected":false},"excerpt":{"rendered":"<p>[vc_row fullwidth=\u00bbtrue\u00bb css=\u00bb.vc_custom_1453522025901{background-image: url(http:\/\/motorservice.es\/wp-content\/uploads\/2014\/07\/cajas-de-ambio-fondo-2.jpg?id=23098) !important;}\u00bb][vc_column width=\u00bb1\/12&#8243;][vc_column_text] [\/vc_column_text][\/vc_column][vc_column width=\u00bb6\/12&#8243;][vc_empty_space][vc_empty_space][mk_fancy_title color=\u00bb#393836&#8243; font_style=\u00bbinhert\u00bb margin_bottom=\u00bb2&#8243; font_family=\u00bbnone\u00bb align=\u00bbcenter\u00bb] CAJAS DE CAMBIO RECONSTRUIDAS Y DE OCASI\u00d3N [\/mk_fancy_title][mk_image_slideshow images=\u00bb23247,23248,23251,23252,23249,23250&#8243; image_width=\u00bb517&#8243; image_height=\u00bb342&#8243; slideshow_speed=\u00bb3556&#8243;][\/vc_column][vc_column width=\u00bb4\/12&#8243;][vc_empty_space][vc_empty_space][mk_fancy_title color=\u00bb#393836&#8243; font_style=\u00bbinhert\u00bb margin_bottom=\u00bb4&#8243; font_family=\u00bbnone\u00bb] \u00bfQu\u00e9 CAJA\u00a0necesitas? [\/mk_fancy_title][vc_empty_space][\/vc_column][vc_column width=\u00bb1\/12&#8243;][vc_column_text] [\/vc_column_text][\/vc_column][\/vc_row][vc_row][vc_column][vc_column_text]Motorservice\u00a0 es un centro especializado en reparaci\u00f3n \u00a0cajas de cambio, tanto manuales como autom\u00e1ticas situado en la localidad de Gri\u00f1\u00f3n en [&hellip;]<\/p>\n","protected":false},"author":1,"featured_media":0,"parent":0,"menu_order":0,"comment_status":"closed","ping_status":"open","template":"","meta":[],"yoast_head":"<!-- This site is optimized with the Yoast SEO plugin v14.9 - https:\/\/yoast.com\/wordpress\/plugins\/seo\/ -->\n<title>Reparacion cajas de cambio - Motorservice<\/title>\n<meta name=\"description\" content=\"La reparacion cajas de cambio es una especialidad en Motorservice, ofreciendo una reparaci\u00f3n precisa, r\u00e1pida, de calidad y con garant\u00eda.\" \/>\n<meta name=\"robots\" content=\"index, follow, max-snippet:-1, max-image-preview:large, max-video-preview:-1\" \/>\n<link rel=\"canonical\" href=\"https:\/\/motorservice.es\/?page_id=22227\" \/>\n<meta property=\"og:locale\" content=\"es_ES\" \/>\n<meta property=\"og:type\" content=\"article\" \/>\n<meta property=\"og:title\" content=\"Reparacion cajas de cambio - Motorservice\" \/>\n<meta property=\"og:description\" content=\"La reparacion cajas de cambio es una especialidad en Motorservice, ofreciendo una reparaci\u00f3n precisa, r\u00e1pida, de calidad y con garant\u00eda.\" \/>\n<meta property=\"og:url\" content=\"https:\/\/motorservice.es\/?page_id=22227\" \/>\n<meta property=\"og:site_name\" content=\"CH Motorservice Engineering S.L.\" \/>\n<meta property=\"article:modified_time\" content=\"2017-06-22T22:02:32+00:00\" \/>\n<meta property=\"og:image\" content=\"http:\/\/motorservice.es\/wp-content\/uploads\/2014\/08\/IMECANICA3-1024x842.jpg\" \/>\n<meta name=\"twitter:card\" content=\"summary_large_image\" \/>\n<script type=\"application\/ld+json\" class=\"yoast-schema-graph\">{\"@context\":\"https:\/\/schema.org\",\"@graph\":[{\"@type\":\"WebSite\",\"@id\":\"https:\/\/motorservice.es\/#website\",\"url\":\"https:\/\/motorservice.es\/\",\"name\":\"CH Motorservice Engineering S.L.\",\"description\":\"Centro de rectificado de motores, turbos y cajas de cambio\",\"potentialAction\":[{\"@type\":\"SearchAction\",\"target\":\"https:\/\/motorservice.es\/?s={search_term_string}\",\"query-input\":\"required name=search_term_string\"}],\"inLanguage\":\"es\"},{\"@type\":\"ImageObject\",\"@id\":\"https:\/\/motorservice.es\/?page_id=22227#primaryimage\",\"inLanguage\":\"es\",\"url\":\"http:\/\/motorservice.es\/wp-content\/uploads\/2014\/08\/IMECANICA3-1024x842.jpg\"},{\"@type\":\"WebPage\",\"@id\":\"https:\/\/motorservice.es\/?page_id=22227#webpage\",\"url\":\"https:\/\/motorservice.es\/?page_id=22227\",\"name\":\"Reparacion cajas de cambio - Motorservice\",\"isPartOf\":{\"@id\":\"https:\/\/motorservice.es\/#website\"},\"primaryImageOfPage\":{\"@id\":\"https:\/\/motorservice.es\/?page_id=22227#primaryimage\"},\"datePublished\":\"2014-07-18T17:15:16+00:00\",\"dateModified\":\"2017-06-22T22:02:32+00:00\",\"description\":\"La reparacion cajas de cambio es una especialidad en Motorservice, ofreciendo una reparaci\\u00f3n precisa, r\\u00e1pida, de calidad y con garant\\u00eda.\",\"breadcrumb\":{\"@id\":\"https:\/\/motorservice.es\/?page_id=22227#breadcrumb\"},\"inLanguage\":\"es\",\"potentialAction\":[{\"@type\":\"ReadAction\",\"target\":[\"https:\/\/motorservice.es\/?page_id=22227\"]}]},{\"@type\":\"BreadcrumbList\",\"@id\":\"https:\/\/motorservice.es\/?page_id=22227#breadcrumb\",\"itemListElement\":[{\"@type\":\"ListItem\",\"position\":1,\"item\":{\"@type\":\"WebPage\",\"@id\":\"https:\/\/motorservice.es\/\",\"url\":\"https:\/\/motorservice.es\/\",\"name\":\"Portada\"}},{\"@type\":\"ListItem\",\"position\":2,\"item\":{\"@type\":\"WebPage\",\"@id\":\"https:\/\/motorservice.es\/?page_id=22227\",\"url\":\"https:\/\/motorservice.es\/?page_id=22227\",\"name\":\"Reparaci\\u00f3n cajas de cambio\"}}]}]}<\/script>\n<!-- \/ Yoast SEO plugin. -->","_links":{"self":[{"href":"https:\/\/motorservice.es\/index.php?rest_route=\/wp\/v2\/pages\/22227"}],"collection":[{"href":"https:\/\/motorservice.es\/index.php?rest_route=\/wp\/v2\/pages"}],"about":[{"href":"https:\/\/motorservice.es\/index.php?rest_route=\/wp\/v2\/types\/page"}],"author":[{"embeddable":true,"href":"https:\/\/motorservice.es\/index.php?rest_route=\/wp\/v2\/users\/1"}],"replies":[{"embeddable":true,"href":"https:\/\/motorservice.es\/index.php?rest_route=%2Fwp%2Fv2%2Fcomments&post=22227"}],"version-history":[{"count":2,"href":"https:\/\/motorservice.es\/index.php?rest_route=\/wp\/v2\/pages\/22227\/revisions"}],"predecessor-version":[{"id":23253,"href":"https:\/\/motorservice.es\/index.php?rest_route=\/wp\/v2\/pages\/22227\/revisions\/23253"}],"wp:attachment":[{"href":"https:\/\/motorservice.es\/index.php?rest_route=%2Fwp%2Fv2%2Fmedia&parent=22227"}],"curies":[{"name":"wp","href":"https:\/\/api.w.org\/{rel}","templated":true}]}}