{"id":22262,"date":"2014-07-18T17:53:21","date_gmt":"2014-07-18T17:53:21","guid":{"rendered":"http:\/\/motorservice.es\/?page_id=22262"},"modified":"2019-06-19T18:13:19","modified_gmt":"2019-06-19T18:13:19","slug":"contactar","status":"publish","type":"page","link":"https:\/\/motorservice.es\/?page_id=22262","title":{"rendered":"Contactar"},"content":{"rendered":"[vc_row fullwidth=\u00bbtrue\u00bb padding=\u00bb0&#8243;][vc_column][vc_empty_space][mk_page_title_box page_title=\u00bbCONTACTAR\u00bb section_height=\u00bb223&#8243; bg_image=\u00bbhttp:\/\/motorservice.es\/wp-content\/uploads\/2014\/07\/Unika-Proyectos-y-Obras-Contacto-prensa1.jpg\u00bb bg_stretch=\u00bbtrue\u00bb font_color=\u00bb#ffffff\u00bb][\/vc_column][\/vc_row][vc_row][vc_column][vc_empty_space][vc_column_text]No dudes en\u00a0<a href=\"http:\/\/motorservice.es\/contactar\/\">contactar con nosotros<\/a>, si lo que est\u00e1s buscando es la recuperaci\u00f3n de un motor, turbo, caja de cambios, o cualquier elemento de tu coche, est\u00e1s en el sitio adecuado. Contactar con nosotros es, sin duda, la mejor opci\u00f3n, no solo ofrecemos el mejor servicio relaci\u00f3n calidad-precio, sino que adem\u00e1s trabajamos con las marcas m\u00e1s prestigiosas del mercado, como\u00a0<a href=\"http:\/\/ferrari.com\">Ferrari<\/a>, <a href=\"http:\/\/porsche.com\">Porsche<\/a>\u00a0o\u00a0<a href=\"http:\/\/Lamborghini.com\">Lamborghini<\/a>\u00a0entre otras.<\/p>\n<h2 style=\"text-align: center;\"><\/h2>\n<h2 style=\"text-align: center;\"><\/h2>\n[\/vc_column_text][\/vc_column][\/vc_row][vc_row][vc_column width=\u00bb1\/2&#8243;][mk_contact_form email=\u00bbventas@motorservice.es\u00bb][\/vc_column][vc_column width=\u00bb1\/2&#8243;][mk_contact_info title=\u00bbINFORMACI\u00d3N DE CONTACTO\u00bb phone=\u00bb910740198 \/ 633440029&#8243; email=\u00bbventas@motorservice.es\u00bb address=\u00bbC\/ Luis Sauquillo, 127. 28944, Fuenlabrada, Madrid\u00bb company=\u00bbCH Motorservice Engineering SL\u00bb website=\u00bbwww.motorservice.es\u00bb][\/vc_column][\/vc_row][vc_row][vc_column][vc_column_text]\n<h2 style=\"text-align: center;\">EXPERTOS EN RECTIFICADO DE MOTORES<\/h2>\n<p>El rectificado de motores no es solo un trabajo, si no que adem\u00e1s se ha convertido en un arte, el cual muy pocas empresas tienen. Entonces si es algo tan novedoso, \u00bfPor qu\u00e9 no estar al d\u00eda y aprender m\u00e1s sobre este novedoso mercado? Y desde nuestro\u00a0<a href=\"http:\/\/motorservice.es\/noticias\/\">blog<\/a> aprender\u00e1s no solo sobre rectificado de motores, si no mucho m\u00e1s del mundo del motor.<\/p>\n<p>Nos apasiona nuestro trabajo, y es por ello que queremos compartir toda nuestra informaci\u00f3n, para que este libre y disponible para todo aquel que quiera descubrir m\u00e1s, y recuerda que siempre podr\u00e1 contactar con nosotros si tiene alguna duda.<\/p>\n<p>Si quieres estar enterado de las \u00faltimas novedades sobre motores, turbos, nuevas gamas de coches&#8230; Todo lo relacionado con el mundo del motor, este es tu sitio. No dudes en suscribirte o en visitarnos frecuentemente para no perderte ninguna novedad, y estar al d\u00eda de todos los productos que salen al mercado. En nuestro blog adem\u00e1s podr\u00e1s ver nuestras ofertas de los \u00faltimos productos de Motorservice, as\u00ed como enterarte de los servicios que realizamos y aprender m\u00e1s sobre como trabajamos.[\/vc_column_text][\/vc_column][\/vc_row][vc_row][vc_column][vc_raw_html]\n<p>JTNDc2NyaXB0JTNFJTBBJTIwJTIwJTI4ZnVuY3Rpb24lMjhpJTJDcyUyQ28lMkNnJTJDciUyQ2ElMkNtJTI5JTdCaSU1QiUyN0dvb2dsZUFuYWx5dGljc09iamVjdCUyNyU1RCUzRHIlM0JpJTVCciU1RCUzRGklNUJyJTVEJTdDJTdDZnVuY3Rpb24lMjglMjklN0IlMEElMjAlMjAlMjhpJTVCciU1RC5xJTNEaSU1QnIlNUQucSU3QyU3QyU1QiU1RCUyOS5wdXNoJTI4YXJndW1lbnRzJTI5JTdEJTJDaSU1QnIlNUQubCUzRDElMkFuZXclMjBEYXRlJTI4JTI5JTNCYSUzRHMuY3JlYXRlRWxlbWVudCUyOG8lMjklMkMlMEElMjAlMjBtJTNEcy5nZXRFbGVtZW50c0J5VGFnTmFtZSUyOG8lMjklNUIwJTVEJTNCYS5hc3luYyUzRDElM0JhLnNyYyUzRGclM0JtLnBhcmVudE5vZGUuaW5zZXJ0QmVmb3JlJTI4YSUyQ20lMjklMEElMjAlMjAlN0QlMjklMjh3aW5kb3clMkNkb2N1bWVudCUyQyUyN3NjcmlwdCUyNyUyQyUyN2h0dHBzJTNBJTJGJTJGd3d3Lmdvb2dsZS1hbmFseXRpY3MuY29tJTJGYW5hbHl0aWNzLmpzJTI3JTJDJTI3Z2ElMjclMjklM0IlMEElMEElMjAlMjBnYSUyOCUyN2NyZWF0ZSUyNyUyQyUyMCUyN1VBLTU1MjY5MDQyLTElMjclMkMlMjAlMjdhdXRvJTI3JTI5JTNCJTBBJTIwJTIwZ2ElMjglMjdzZW5kJTI3JTJDJTIwJTI3cGFnZXZpZXclMjclMjklM0IlMEElMEElM0MlMkZzY3JpcHQlM0U=<\/p>\n[\/vc_raw_html][\/vc_column][\/vc_row]\n","protected":false},"excerpt":{"rendered":"<p>[vc_row fullwidth=\u00bbtrue\u00bb padding=\u00bb0&#8243;][vc_column][vc_empty_space][mk_page_title_box page_title=\u00bbCONTACTAR\u00bb section_height=\u00bb223&#8243; bg_image=\u00bbhttp:\/\/motorservice.es\/wp-content\/uploads\/2014\/07\/Unika-Proyectos-y-Obras-Contacto-prensa1.jpg\u00bb bg_stretch=\u00bbtrue\u00bb font_color=\u00bb#ffffff\u00bb][\/vc_column][\/vc_row][vc_row][vc_column][vc_empty_space][vc_column_text]No dudes en\u00a0contactar con nosotros, si lo que est\u00e1s buscando es la recuperaci\u00f3n de un motor, turbo, caja de cambios, o cualquier elemento de tu coche, est\u00e1s en el sitio adecuado. Contactar con nosotros es, sin duda, la mejor opci\u00f3n, no solo ofrecemos el mejor servicio relaci\u00f3n calidad-precio, [&hellip;]<\/p>\n","protected":false},"author":1,"featured_media":0,"parent":0,"menu_order":0,"comment_status":"closed","ping_status":"open","template":"","meta":[],"yoast_head":"<!-- This site is optimized with the Yoast SEO plugin v14.9 - https:\/\/yoast.com\/wordpress\/plugins\/seo\/ -->\n<title>Contactar - Motorservice rectificado de motores<\/title>\n<meta name=\"description\" content=\"Motorservice ofrece un servicio de rectificado de motores, turbos y cajas de cambio, no dudes en contactar con nosotros.\" \/>\n<meta name=\"robots\" content=\"index, follow, max-snippet:-1, max-image-preview:large, max-video-preview:-1\" \/>\n<link rel=\"canonical\" href=\"https:\/\/motorservice.es\/?page_id=22262\" \/>\n<meta property=\"og:locale\" content=\"es_ES\" \/>\n<meta property=\"og:type\" content=\"article\" \/>\n<meta property=\"og:title\" content=\"Contactar - Motorservice rectificado de motores\" \/>\n<meta property=\"og:description\" content=\"Motorservice ofrece un servicio de rectificado de motores, turbos y cajas de cambio, no dudes en contactar con nosotros.\" \/>\n<meta property=\"og:url\" content=\"https:\/\/motorservice.es\/?page_id=22262\" \/>\n<meta property=\"og:site_name\" content=\"CH Motorservice Engineering S.L.\" \/>\n<meta property=\"article:modified_time\" content=\"2019-06-19T18:13:19+00:00\" \/>\n<meta name=\"twitter:card\" content=\"summary_large_image\" \/>\n<script type=\"application\/ld+json\" class=\"yoast-schema-graph\">{\"@context\":\"https:\/\/schema.org\",\"@graph\":[{\"@type\":\"WebSite\",\"@id\":\"https:\/\/motorservice.es\/#website\",\"url\":\"https:\/\/motorservice.es\/\",\"name\":\"CH Motorservice Engineering S.L.\",\"description\":\"Centro de rectificado de motores, turbos y cajas de cambio\",\"potentialAction\":[{\"@type\":\"SearchAction\",\"target\":\"https:\/\/motorservice.es\/?s={search_term_string}\",\"query-input\":\"required name=search_term_string\"}],\"inLanguage\":\"es\"},{\"@type\":\"WebPage\",\"@id\":\"https:\/\/motorservice.es\/?page_id=22262#webpage\",\"url\":\"https:\/\/motorservice.es\/?page_id=22262\",\"name\":\"Contactar - Motorservice rectificado de motores\",\"isPartOf\":{\"@id\":\"https:\/\/motorservice.es\/#website\"},\"datePublished\":\"2014-07-18T17:53:21+00:00\",\"dateModified\":\"2019-06-19T18:13:19+00:00\",\"description\":\"Motorservice ofrece un servicio de rectificado de motores, turbos y cajas de cambio, no dudes en contactar con nosotros.\",\"breadcrumb\":{\"@id\":\"https:\/\/motorservice.es\/?page_id=22262#breadcrumb\"},\"inLanguage\":\"es\",\"potentialAction\":[{\"@type\":\"ReadAction\",\"target\":[\"https:\/\/motorservice.es\/?page_id=22262\"]}]},{\"@type\":\"BreadcrumbList\",\"@id\":\"https:\/\/motorservice.es\/?page_id=22262#breadcrumb\",\"itemListElement\":[{\"@type\":\"ListItem\",\"position\":1,\"item\":{\"@type\":\"WebPage\",\"@id\":\"https:\/\/motorservice.es\/\",\"url\":\"https:\/\/motorservice.es\/\",\"name\":\"Portada\"}},{\"@type\":\"ListItem\",\"position\":2,\"item\":{\"@type\":\"WebPage\",\"@id\":\"https:\/\/motorservice.es\/?page_id=22262\",\"url\":\"https:\/\/motorservice.es\/?page_id=22262\",\"name\":\"Contactar\"}}]}]}<\/script>\n<!-- \/ Yoast SEO plugin. -->","_links":{"self":[{"href":"https:\/\/motorservice.es\/index.php?rest_route=\/wp\/v2\/pages\/22262"}],"collection":[{"href":"https:\/\/motorservice.es\/index.php?rest_route=\/wp\/v2\/pages"}],"about":[{"href":"https:\/\/motorservice.es\/index.php?rest_route=\/wp\/v2\/types\/page"}],"author":[{"embeddable":true,"href":"https:\/\/motorservice.es\/index.php?rest_route=\/wp\/v2\/users\/1"}],"replies":[{"embeddable":true,"href":"https:\/\/motorservice.es\/index.php?rest_route=%2Fwp%2Fv2%2Fcomments&post=22262"}],"version-history":[{"count":5,"href":"https:\/\/motorservice.es\/index.php?rest_route=\/wp\/v2\/pages\/22262\/revisions"}],"predecessor-version":[{"id":23311,"href":"https:\/\/motorservice.es\/index.php?rest_route=\/wp\/v2\/pages\/22262\/revisions\/23311"}],"wp:attachment":[{"href":"https:\/\/motorservice.es\/index.php?rest_route=%2Fwp%2Fv2%2Fmedia&parent=22262"}],"curies":[{"name":"wp","href":"https:\/\/api.w.org\/{rel}","templated":true}]}}