{"id":4,"date":"2013-03-15T12:36:27","date_gmt":"2013-03-15T12:36:27","guid":{"rendered":"http:\/\/church-event.vamtam.com\/?page_id=4"},"modified":"2019-06-22T11:49:29","modified_gmt":"2019-06-22T11:49:29","slug":"motorservice","status":"publish","type":"page","link":"https:\/\/motorservice.es\/","title":{"rendered":"Motorservice"},"content":{"rendered":"[vc_row fullwidth=\u00bbtrue\u00bb attached=\u00bbtrue\u00bb css=\u00bb.vc_custom_1498157487522{padding-top: 0px !important;padding-right: 0px !important;padding-bottom: 0px !important;padding-left: 0px !important;background-image: url(http:\/\/motorservice.es\/wp-content\/uploads\/2013\/03\/motor-lambo-inicio_mini.jpg?id=23226) !important;}\u00bb][vc_column width=\u00bb1\/12&#8243; offset=\u00bbvc_hidden-sm vc_hidden-xs\u00bb][vc_column_text]\n[\/vc_column_text][\/vc_column][vc_column width=\u00bb6\/12&#8243;][vc_empty_space height=\u00bb64px\u00bb][vc_video link=\u00bbhttps:\/\/www.youtube.com\/watch?v=-QotEPF4eA4&#8243;][vc_empty_space height=\u00bb34px\u00bb][\/vc_column][vc_column width=\u00bb4\/12&#8243;][vc_empty_space height=\u00bb34px\u00bb][vc_empty_space height=\u00bb84px\u00bb][mk_fancy_title tag_name=\u00bbh1&#8243; color=\u00bb#ffffff\u00bb size=\u00bb31&#8243; margin_bottom=\u00bb0&#8243; font_family=\u00bbRaleway\u00bb font_type=\u00bbgoogle\u00bb align=\u00bbcenter\u00bb el_class=\u00bbinicio-titulo\u00bb]\n<p style=\"text-align: center; padding-left: 1px;\">CENTRO DE RECUPERACI\u00d3N DE MOTORES, TURBOS Y CAJAS DE CAMBIOS<\/p>\n<p>&nbsp;<\/p>\n<p>LL\u00c1MANOS AL 910-740-198[\/mk_fancy_title]<div role=\"form\" class=\"wpcf7\" id=\"wpcf7-f23172-o1\" lang=\"es-ES\" dir=\"ltr\">\n<div class=\"screen-reader-response\" role=\"alert\" aria-live=\"polite\"><\/div>\n<form action=\"\/index.php?rest_route=%2Fwp%2Fv2%2Fpages%2F4#wpcf7-f23172-o1\" method=\"post\" class=\"wpcf7-form init\" novalidate=\"novalidate\">\n<div style=\"display: none;\">\n<input type=\"hidden\" name=\"_wpcf7\" value=\"23172\" \/>\n<input type=\"hidden\" name=\"_wpcf7_version\" value=\"5.2.2\" \/>\n<input type=\"hidden\" name=\"_wpcf7_locale\" value=\"es_ES\" \/>\n<input type=\"hidden\" name=\"_wpcf7_unit_tag\" value=\"wpcf7-f23172-o1\" \/>\n<input type=\"hidden\" name=\"_wpcf7_container_post\" value=\"0\" \/>\n<input type=\"hidden\" name=\"_wpcf7_posted_data_hash\" value=\"\" \/>\n<input type=\"hidden\" name=\"_wpcf7_recaptcha_response\" value=\"\" \/>\n<\/div>\n<p><span class=\"wpcf7-form-control-wrap tel-337\"><input type=\"tel\" name=\"tel-337\" value=\"\" size=\"40\" class=\"wpcf7-form-control wpcf7-text wpcf7-tel wpcf7-validates-as-tel\" aria-invalid=\"false\" placeholder=\"N\u00famero de tel\u00e9fono\" \/><\/span> <\/p>\n<p><input type=\"submit\" value=\"Le llamamos\" class=\"wpcf7-form-control wpcf7-submit\" \/><\/p>\n<div class=\"wpcf7-response-output\" role=\"alert\" aria-hidden=\"true\"><\/div><\/form><\/div>[vc_empty_space height=\u00bb74px\u00bb][\/vc_column][vc_column width=\u00bb1\/12&#8243;][vc_column_text]\n[\/vc_column_text][\/vc_column][\/vc_row][vc_row][vc_column][mk_padding_divider][mk_fancy_title tag_name=\u00bbh3&#8243; color=\u00bb#0a0a0a\u00bb size=\u00bb25&#8243; font_weight=\u00bbbold\u00bb font_style=\u00bbnormal\u00bb txt_transform=\u00bbnone\u00bb margin_bottom=\u00bb0&#8243; font_family=\u00bbRaleway\u00bb font_type=\u00bbgoogle\u00bb align=\u00bbcenter\u00bb]\u00a1S\u00edguenos en Instagram![\/mk_fancy_title][mk_fancy_title tag_name=\u00bbh5&#8243; color=\u00bb#ed25a4&#8243; size=\u00bb20&#8243; font_weight=\u00bb400&#8243; font_style=\u00bbnormal\u00bb txt_transform=\u00bbnone\u00bb margin_bottom=\u00bb0&#8243; font_family=\u00bbRaleway\u00bb font_type=\u00bbgoogle\u00bb align=\u00bbcenter\u00bb]chmotorservice[\/mk_fancy_title][mk_image src=\u00bbhttp:\/\/motorservice.es\/wp-content\/uploads\/2018\/10\/instagram-motorservice.jpeg\u00bb image_size=\u00bbmedium\u00bb align=\u00bbcenter\u00bb][mk_padding_divider][\/vc_column][\/vc_row][vc_row][vc_column][mk_imagebox show_as=\u00bbcolumn\u00bb][mk_imagebox_item item_image=\u00bbhttp:\/\/motorservice.es\/wp-content\/uploads\/2014\/07\/culata-bmw-m6.jpg\u00bb item_title=\u00bb\u00bfQu\u00e9 hacemos?\u00bb]\n<p>Rectificado de motores, culatas, cajas de cambios y turbos, ofreciendo este servicio tanto a empresas, como a particulares.<\/p>\n[\/mk_imagebox_item][mk_imagebox_item icon_type=\u00bbvideo\u00bb mp4=\u00bbhttp:\/\/motorservice.es\/wp-content\/uploads\/2015\/08\/VID_20150824_174921.mp4&#8243; ogv=\u00bbhttp:\/\/motorservice.es\/wp-content\/uploads\/2013\/03\/video-culata.ogv\u00bb preview_image=\u00bbhttp:\/\/motorservice.es\/wp-content\/uploads\/2013\/03\/getty-reparar-motor-12.jpg\u00bb item_title=\u00bb Nuestra historia\u00bb]Especialistas en rectificado y reconstrucci\u00f3n de motores desde 2008, la satisfacci\u00f3n de nuestros clientes es primordial para nosotros.<\/p>\n[\/mk_imagebox_item][mk_imagebox_item item_image=\u00bbhttp:\/\/motorservice.es\/wp-content\/uploads\/2014\/07\/culata-tuareg.jpg\u00bb item_title=\u00bbNuestros productos\u00bb]\n<p>Disponemos de una gran variedad de productos en stock, los cuales han sido revisados garantizando su calidad.<\/p>\n[\/mk_imagebox_item][\/mk_imagebox][\/vc_column][\/vc_row][vc_row][vc_column offset=\u00bbvc_hidden-sm vc_hidden-xs\u00bb][vc_column_text]\n<h1 style=\"text-align: center;\"><span style=\"color: #4b67c4;\">CH MOTORSERVICE<\/span><\/h1>\n<p style=\"text-align: justify;\">\u00a0 Motorservice es una empresa dedicada a la <strong>reconstrucci\u00f3n de motores<\/strong>, turbos, cajas de cambio, adem\u00e1s de la preparaci\u00f3n de coches para competici\u00f3n. El trabajo con marcas de prestigio siempre ha sido nuestra mayor especialidad, es por ello que estamos caracterizados por la precisi\u00f3n y agudeza. <a href=\"http:\/\/lamborghini.com\">Lamborghini<\/a>, <a href=\"http:\/\/ferrari.com\">Ferrari<\/a>, <a href=\"http:\/\/Porsche.com\">Porsche<\/a>, entre otras marcas, son las m\u00e1s frecuentadas en Motorservice.<\/p>\n<h2 style=\"text-align: center;\">Reconstrucci\u00f3n de motores, turbos y cajas de cambio<\/h2>\n[\/vc_column_text][\/vc_column][\/vc_row][vc_row][vc_column width=\u00bb1\/2&#8243;][vc_empty_space][vc_empty_space][mk_image_slideshow images=\u00bb22961,22960,22959,22958,22957,22956,22955,22954,22953,22952,22951&#8243; image_height=\u00bb513&#8243;][\/vc_column][vc_column width=\u00bb1\/2&#8243;][mk_fancy_title color=\u00bb#393836&#8243; font_style=\u00bbinhert\u00bb margin_bottom=\u00bb18&#8243; font_family=\u00bbnone\u00bb]\n<h4 style=\"text-align: center;\">Ponte en contacto con nosotros<\/h4>\n[\/mk_fancy_title]<div role=\"form\" class=\"wpcf7\" id=\"wpcf7-f22993-o2\" lang=\"es-ES\" dir=\"ltr\">\n<div class=\"screen-reader-response\" role=\"alert\" aria-live=\"polite\"><\/div>\n<form action=\"\/index.php?rest_route=%2Fwp%2Fv2%2Fpages%2F4#wpcf7-f22993-o2\" method=\"post\" class=\"wpcf7-form init\" novalidate=\"novalidate\">\n<div style=\"display: none;\">\n<input type=\"hidden\" name=\"_wpcf7\" value=\"22993\" \/>\n<input type=\"hidden\" name=\"_wpcf7_version\" value=\"5.2.2\" \/>\n<input type=\"hidden\" name=\"_wpcf7_locale\" value=\"es_ES\" \/>\n<input type=\"hidden\" name=\"_wpcf7_unit_tag\" value=\"wpcf7-f22993-o2\" \/>\n<input type=\"hidden\" name=\"_wpcf7_container_post\" value=\"0\" \/>\n<input type=\"hidden\" name=\"_wpcf7_posted_data_hash\" value=\"\" \/>\n<input type=\"hidden\" name=\"_wpcf7_recaptcha_response\" value=\"\" \/>\n<\/div>\n<p>Nombre (requerido)<br \/>\n    <span class=\"wpcf7-form-control-wrap your-name\"><input type=\"text\" name=\"your-name\" value=\"\" size=\"40\" class=\"wpcf7-form-control wpcf7-text wpcf7-validates-as-required\" aria-required=\"true\" aria-invalid=\"false\" \/><\/span> <\/p>\n<p>Tel\u00e9fono <br \/>\n<span class=\"wpcf7-form-control-wrap tel-337\"><input type=\"tel\" name=\"tel-337\" value=\"\" size=\"40\" class=\"wpcf7-form-control wpcf7-text wpcf7-tel wpcf7-validates-as-tel\" aria-invalid=\"false\" \/><\/span> <\/p>\n<p>Correo electr\u00f3nico (Se le contestar\u00e1 a dicho correo)<br \/>\n    <span class=\"wpcf7-form-control-wrap your-email\"><input type=\"email\" name=\"your-email\" value=\"\" size=\"40\" class=\"wpcf7-form-control wpcf7-text wpcf7-email wpcf7-validates-as-required wpcf7-validates-as-email\" aria-required=\"true\" aria-invalid=\"false\" \/><\/span> <\/p>\n<p>\u00bfQu\u00e9 necesita?<br \/>\n    <span class=\"wpcf7-form-control-wrap your-message\"><textarea name=\"your-message\" cols=\"40\" rows=\"10\" class=\"wpcf7-form-control wpcf7-textarea\" aria-invalid=\"false\"><\/textarea><\/span> <\/p>\n<p><input type=\"submit\" value=\"Enviar\" class=\"wpcf7-form-control wpcf7-submit\" \/><\/p>\n<div class=\"wpcf7-response-output\" role=\"alert\" aria-hidden=\"true\"><\/div><\/form><\/div>[\/vc_column][\/vc_row][vc_row][vc_column][vc_column_text]\n<p style=\"text-align: justify;\"><span style=\"color: #000000;\">\u00a0 \u00a0En<strong>\u00a0CH Motorservice<\/strong>\u00a0<strong>Engineering<\/strong> estamos especializados en veh\u00edculos de alta gama, ofreciendo los mejores servicios, gracias a nuestra pasi\u00f3n por ellos. <strong>Porsche<\/strong> , <strong>BMW<\/strong> , <strong>Mercedes<\/strong> son algunas de ellas. Adem\u00e1s de conocer el mercado a nivel de veh\u00edculos convencionales, Ofrecemos la reparaci\u00f3n de su motor, caja de cambios o turbo con la mejor relaci\u00f3n calidad precio, dando tambi\u00e9n el servicio de rectificado de componentes del motor como podr\u00eda ser el planificado de<strong> culatas<\/strong>, la comprobaci\u00f3n de estanqueidad , el rectificado de <strong>bloques<\/strong> y<strong> cigue\u00f1ales<\/strong> para talleres.<\/span><\/p>\n[\/vc_column_text][\/vc_column][\/vc_row][vc_row][vc_column][mk_fancy_title color=\u00bb#393836&#8243; font_style=\u00bbinhert\u00bb margin_bottom=\u00bb18&#8243; font_family=\u00bbnone\u00bb]\n<h2 style=\"text-align: center;\">SERVICIOS DE RECTIFICADO<\/h2>\n[\/mk_fancy_title][\/vc_column][\/vc_row][vc_row][vc_column width=\u00bb1\/2&#8243;][vc_video title=\u00bbPlanificado de bloques\u00bb link=\u00bbhttps:\/\/youtu.be\/j0vNnTL894g\u00bb][vc_column_text]\n<blockquote><p>2- <strong><a href=\"http:\/\/motorservice.es\/rectificado-de-bloques\/\">Bloques de motor<\/a>:<\/strong> Planificado de bloques, bru\u00f1ido de cilindros, reparaci\u00f3n de bancada de cig\u00fce\u00f1al, encamisado de cilindros.<\/p><\/blockquote>\n[\/vc_column_text][\/vc_column][vc_column width=\u00bb1\/2&#8243;][vc_video title=\u00bbPlanificado de culatas\u00bb link=\u00bbhttps:\/\/youtu.be\/eQDBtGT48Dg\u00bb][vc_column_text]\n<blockquote><p>1- <strong><a href=\"http:\/\/motorservice.es\/reparacion-de-culatas\/\">Culatas<\/a>:<\/strong>\u00a0Comprobaci\u00f3n de <a href=\"http:\/\/es.wikipedia.org\/wiki\/Junta_de_estanqueidad\">estanqueidad<\/a>, Cambio de gu\u00edas de v\u00e1lvulas, rectificado de asientos de v\u00e1lvulas, planificado de <a href=\"http:\/\/motorservice.es\/productos\/culatas\/\">culatas<\/a>, descarbonizaci\u00f3n, y puestas a punto.<\/p><\/blockquote>\n[\/vc_column_text][\/vc_column][\/vc_row][vc_row][vc_column width=\u00bb1\/2&#8243;][mk_image src=\u00bbhttp:\/\/motorservice.es\/wp-content\/uploads\/2014\/07\/camisa.png\u00bb image_width=\u00bb314&#8243; align=\u00bbcenter\u00bb crop=\u00bbfalse\u00bb][vc_column_text]\n<blockquote><p>4- <strong>Componentes especiales:<\/strong> Fabricaci\u00f3n de camisas a medida en torno (Porsche 911) y fresado de componentes espec\u00edficos.<\/p><\/blockquote>\n[\/vc_column_text][\/vc_column][vc_column width=\u00bb1\/2&#8243;][mk_image src=\u00bbhttp:\/\/motorservice.es\/wp-content\/uploads\/2014\/07\/ciguenal.png\u00bb image_width=\u00bb444&#8243; align=\u00bbcenter\u00bb crop=\u00bbfalse\u00bb][vc_empty_space][vc_empty_space][vc_column_text]\n<blockquote><p>3- <strong>Cig\u00fce\u00f1ales:<\/strong> Rectificado de mu\u00f1equillas de biela, rectificado de bancada de cig\u00fce\u00f1al , equilibrado din\u00e1mico de cig\u00fce\u00f1al.<\/p><\/blockquote>\n[\/vc_column_text][\/vc_column][\/vc_row][vc_row][vc_column][mk_fancy_title color=\u00bb#393836&#8243; font_style=\u00bbinhert\u00bb margin_bottom=\u00bb18&#8243; font_family=\u00bbnone\u00bb]\n<h2 style=\"text-align: center;\">PRODUCTOS EN STOCK<\/h2>\n[\/mk_fancy_title][\/vc_column][\/vc_row][vc_row][vc_column][vc_column_text]Disponemos de<strong> productos en stock<\/strong> tales como <strong>motores, cajas manuales, turbos, culatas<\/strong> y productos de ocasi\u00f3n, los cuales son previamente revisados antes de su venta. Nos gusta trabajar con la misma\u00a0elegancia y <strong>calidad<\/strong> que la propia casa de la marca, por ello nuestros resultados siempre son satisfactorios.<\/p>\n<table>\n<tbody>\n<tr>\n<td><a href=\"http:\/\/motorservice.es\/turbos\/\"><strong><img loading=\"lazy\" class=\"wp-image-22401 aligncenter\" src=\"http:\/\/motorservice.es\/wp-content\/uploads\/2014\/07\/holset-turbocharger-repairs2.png\" alt=\"holset-turbocharger-repairs2\" width=\"139\" height=\"139\" \/><\/strong><\/a><\/td>\n<td><a href=\"http:\/\/motorservice.es\/reparacion-de-culatas\/\"><img loading=\"lazy\" class=\"wp-image-22353 aligncenter\" src=\"http:\/\/motorservice.es\/wp-content\/uploads\/2014\/07\/24102013-culata-audi-seat-vw-reconstruida-completa.png\" alt=\"24102013-culata-audi-seat-vw-reconstruida-completa\" width=\"198\" height=\"118\" \/><\/a><\/td>\n<td><a href=\"http:\/\/motorservice.es\/cajas-de-cambio\/\"><img loading=\"lazy\" class=\"wp-image-22395 aligncenter\" src=\"http:\/\/motorservice.es\/wp-content\/uploads\/2014\/07\/caja-cambios-23.png\" alt=\"caja-cambios-23\" width=\"166\" height=\"138\" \/><\/a><\/td>\n<td><a href=\"http:\/\/motorservice.es\/reparacion-de-motores\/\"><img loading=\"lazy\" class=\"aligncenter wp-image-22388\" src=\"http:\/\/motorservice.es\/wp-content\/uploads\/2014\/07\/motorbmw.png\" alt=\"motor bmw motorservice servicios rectificado reconstrucci\u00f3n de motores\" width=\"175\" height=\"154\" \/><\/a><\/td>\n<\/tr>\n<\/tbody>\n<\/table>\n<p>&nbsp;<\/p>\n<p>Ofrecemos la <strong>reparaci\u00f3n de su motor<\/strong>, <strong>caja de cambios o turbo<\/strong> con la mejor relaci\u00f3n calidad precio, dando tambi\u00e9n el servicio de rectificado de componentes del motor como podr\u00eda ser el planificado de culatas, la comprobaci\u00f3n de estanqueidad , el rectificado de <strong>bloques y cigue\u00f1ales<\/strong> para talleres. <strong>Rectificado de motores, <\/strong>un trabajo muy completo gracias a nuestros <strong>a\u00f1os de experiencia.<\/strong><\/p>\n[\/vc_column_text][\/vc_column][\/vc_row][vc_row][vc_column][vc_raw_html]\n<p>JTNDc2NyaXB0JTNFJTBBJTIwJTIwJTI4ZnVuY3Rpb24lMjhpJTJDcyUyQ28lMkNnJTJDciUyQ2ElMkNtJTI5JTdCaSU1QiUyN0dvb2dsZUFuYWx5dGljc09iamVjdCUyNyU1RCUzRHIlM0JpJTVCciU1RCUzRGklNUJyJTVEJTdDJTdDZnVuY3Rpb24lMjglMjklN0IlMEElMjAlMjAlMjhpJTVCciU1RC5xJTNEaSU1QnIlNUQucSU3QyU3QyU1QiU1RCUyOS5wdXNoJTI4YXJndW1lbnRzJTI5JTdEJTJDaSU1QnIlNUQubCUzRDElMkFuZXclMjBEYXRlJTI4JTI5JTNCYSUzRHMuY3JlYXRlRWxlbWVudCUyOG8lMjklMkMlMEElMjAlMjBtJTNEcy5nZXRFbGVtZW50c0J5VGFnTmFtZSUyOG8lMjklNUIwJTVEJTNCYS5hc3luYyUzRDElM0JhLnNyYyUzRGclM0JtLnBhcmVudE5vZGUuaW5zZXJ0QmVmb3JlJTI4YSUyQ20lMjklMEElMjAlMjAlN0QlMjklMjh3aW5kb3clMkNkb2N1bWVudCUyQyUyN3NjcmlwdCUyNyUyQyUyN2h0dHBzJTNBJTJGJTJGd3d3Lmdvb2dsZS1hbmFseXRpY3MuY29tJTJGYW5hbHl0aWNzLmpzJTI3JTJDJTI3Z2ElMjclMjklM0IlMEElMEElMjAlMjBnYSUyOCUyN2NyZWF0ZSUyNyUyQyUyMCUyN1VBLTU1MjY5MDQyLTElMjclMkMlMjAlMjdhdXRvJTI3JTI5JTNCJTBBJTIwJTIwZ2ElMjglMjdzZW5kJTI3JTJDJTIwJTI3cGFnZXZpZXclMjclMjklM0IlMEElMEElM0MlMkZzY3JpcHQlM0U=<\/p>\n[\/vc_raw_html][\/vc_column][\/vc_row]\n","protected":false},"excerpt":{"rendered":"<p>[vc_row fullwidth=\u00bbtrue\u00bb attached=\u00bbtrue\u00bb css=\u00bb.vc_custom_1498157487522{padding-top: 0px !important;padding-right: 0px !important;padding-bottom: 0px !important;padding-left: 0px !important;background-image: url(http:\/\/motorservice.es\/wp-content\/uploads\/2013\/03\/motor-lambo-inicio_mini.jpg?id=23226) !important;}\u00bb][vc_column width=\u00bb1\/12&#8243; offset=\u00bbvc_hidden-sm vc_hidden-xs\u00bb][vc_column_text] [\/vc_column_text][\/vc_column][vc_column width=\u00bb6\/12&#8243;][vc_empty_space height=\u00bb64px\u00bb][vc_video link=\u00bbhttps:\/\/www.youtube.com\/watch?v=-QotEPF4eA4&#8243;][vc_empty_space height=\u00bb34px\u00bb][\/vc_column][vc_column width=\u00bb4\/12&#8243;][vc_empty_space height=\u00bb34px\u00bb][vc_empty_space height=\u00bb84px\u00bb][mk_fancy_title tag_name=\u00bbh1&#8243; color=\u00bb#ffffff\u00bb size=\u00bb31&#8243; margin_bottom=\u00bb0&#8243; font_family=\u00bbRaleway\u00bb font_type=\u00bbgoogle\u00bb align=\u00bbcenter\u00bb el_class=\u00bbinicio-titulo\u00bb] CENTRO DE RECUPERACI\u00d3N DE MOTORES, TURBOS Y CAJAS DE CAMBIOS &nbsp; LL\u00c1MANOS AL 910-740-198[\/mk_fancy_title][vc_empty_space height=\u00bb74px\u00bb][\/vc_column][vc_column width=\u00bb1\/12&#8243;][vc_column_text] [\/vc_column_text][\/vc_column][\/vc_row][vc_row][vc_column][mk_padding_divider][mk_fancy_title tag_name=\u00bbh3&#8243; color=\u00bb#0a0a0a\u00bb size=\u00bb25&#8243; font_weight=\u00bbbold\u00bb font_style=\u00bbnormal\u00bb [&hellip;]<\/p>\n","protected":false},"author":1,"featured_media":0,"parent":0,"menu_order":0,"comment_status":"closed","ping_status":"closed","template":"","meta":[],"yoast_head":"<!-- This site is optimized with the Yoast SEO plugin v14.9 - https:\/\/yoast.com\/wordpress\/plugins\/seo\/ -->\n<title>Reconstrucci\u00f3n de motores - Motorservice rectificado<\/title>\n<meta name=\"description\" content=\"Motorservice ofrece un servicio de reconstrucci\u00f3n de motores, turbos y cajas de cambios. Piezas de recambio y motores de competici\u00f3n. Rectificado de motores\" \/>\n<meta name=\"robots\" content=\"index, follow, max-snippet:-1, max-image-preview:large, max-video-preview:-1\" \/>\n<link rel=\"canonical\" href=\"https:\/\/motorservice.es\/\" \/>\n<meta property=\"og:locale\" content=\"es_ES\" \/>\n<meta property=\"og:type\" content=\"article\" \/>\n<meta property=\"og:title\" content=\"Reconstrucci\u00f3n de motores - Motorservice rectificado\" \/>\n<meta property=\"og:description\" content=\"Motorservice ofrece un servicio de reconstrucci\u00f3n de motores, turbos y cajas de cambios. Piezas de recambio y motores de competici\u00f3n. Rectificado de motores\" \/>\n<meta property=\"og:url\" content=\"https:\/\/motorservice.es\/\" \/>\n<meta property=\"og:site_name\" content=\"CH Motorservice Engineering S.L.\" \/>\n<meta property=\"article:modified_time\" content=\"2019-06-22T11:49:29+00:00\" \/>\n<meta property=\"og:image\" content=\"http:\/\/motorservice.es\/wp-content\/uploads\/2014\/07\/holset-turbocharger-repairs2.png\" \/>\n<meta name=\"twitter:card\" content=\"summary_large_image\" \/>\n<script type=\"application\/ld+json\" class=\"yoast-schema-graph\">{\"@context\":\"https:\/\/schema.org\",\"@graph\":[{\"@type\":\"WebSite\",\"@id\":\"https:\/\/motorservice.es\/#website\",\"url\":\"https:\/\/motorservice.es\/\",\"name\":\"CH Motorservice Engineering S.L.\",\"description\":\"Centro de rectificado de motores, turbos y cajas de cambio\",\"potentialAction\":[{\"@type\":\"SearchAction\",\"target\":\"https:\/\/motorservice.es\/?s={search_term_string}\",\"query-input\":\"required name=search_term_string\"}],\"inLanguage\":\"es\"},{\"@type\":\"ImageObject\",\"@id\":\"https:\/\/motorservice.es\/#primaryimage\",\"inLanguage\":\"es\",\"url\":\"http:\/\/motorservice.es\/wp-content\/uploads\/2014\/07\/holset-turbocharger-repairs2.png\"},{\"@type\":\"WebPage\",\"@id\":\"https:\/\/motorservice.es\/#webpage\",\"url\":\"https:\/\/motorservice.es\/\",\"name\":\"Reconstrucci\\u00f3n de motores - Motorservice rectificado\",\"isPartOf\":{\"@id\":\"https:\/\/motorservice.es\/#website\"},\"primaryImageOfPage\":{\"@id\":\"https:\/\/motorservice.es\/#primaryimage\"},\"datePublished\":\"2013-03-15T12:36:27+00:00\",\"dateModified\":\"2019-06-22T11:49:29+00:00\",\"description\":\"Motorservice ofrece un servicio de reconstrucci\\u00f3n de motores, turbos y cajas de cambios. Piezas de recambio y motores de competici\\u00f3n. Rectificado de motores\",\"breadcrumb\":{\"@id\":\"https:\/\/motorservice.es\/#breadcrumb\"},\"inLanguage\":\"es\",\"potentialAction\":[{\"@type\":\"ReadAction\",\"target\":[\"https:\/\/motorservice.es\/\"]}]},{\"@type\":\"BreadcrumbList\",\"@id\":\"https:\/\/motorservice.es\/#breadcrumb\",\"itemListElement\":[{\"@type\":\"ListItem\",\"position\":1,\"item\":{\"@type\":\"WebPage\",\"@id\":\"https:\/\/motorservice.es\/\",\"url\":\"https:\/\/motorservice.es\/\",\"name\":\"Portada\"}},{\"@type\":\"ListItem\",\"position\":2,\"item\":{\"@type\":\"WebPage\",\"@id\":\"https:\/\/motorservice.es\/\",\"url\":\"https:\/\/motorservice.es\/\",\"name\":\"Motorservice\"}}]}]}<\/script>\n<!-- \/ Yoast SEO plugin. -->","_links":{"self":[{"href":"https:\/\/motorservice.es\/index.php?rest_route=\/wp\/v2\/pages\/4"}],"collection":[{"href":"https:\/\/motorservice.es\/index.php?rest_route=\/wp\/v2\/pages"}],"about":[{"href":"https:\/\/motorservice.es\/index.php?rest_route=\/wp\/v2\/types\/page"}],"author":[{"embeddable":true,"href":"https:\/\/motorservice.es\/index.php?rest_route=\/wp\/v2\/users\/1"}],"replies":[{"embeddable":true,"href":"https:\/\/motorservice.es\/index.php?rest_route=%2Fwp%2Fv2%2Fcomments&post=4"}],"version-history":[{"count":6,"href":"https:\/\/motorservice.es\/index.php?rest_route=\/wp\/v2\/pages\/4\/revisions"}],"predecessor-version":[{"id":23377,"href":"https:\/\/motorservice.es\/index.php?rest_route=\/wp\/v2\/pages\/4\/revisions\/23377"}],"wp:attachment":[{"href":"https:\/\/motorservice.es\/index.php?rest_route=%2Fwp%2Fv2%2Fmedia&parent=4"}],"curies":[{"name":"wp","href":"https:\/\/api.w.org\/{rel}","templated":true}]}}